{"id":83,"date":"2016-11-05T22:21:05","date_gmt":"2016-11-05T21:21:05","guid":{"rendered":"http:\/\/herzibub.de\/?page_id=83"},"modified":"2018-09-14T10:21:05","modified_gmt":"2018-09-14T09:21:05","slug":"impressum","status":"publish","type":"page","link":"https:\/\/herzibub.de\/?page_id=83","title":{"rendered":"Impressum\/Datenschutz"},"content":{"rendered":"<h4 style=\"text-align: left;\" align=\"center\">Haftungsausschluss<\/h4>\n<h5>1. Inhalt des Onlineangebotes<\/h5>\n<p>Der Autor \u00fcbernimmt keinerlei Gew\u00e4hr f\u00fcr die Aktualit\u00e4t, Korrektheit,\u00a0 Vollst\u00e4ndigkeit oder Qualit\u00e4t der bereitgestellten Informationen. Haftungsanspr\u00fcche\u00a0 gegen den Autor, welche sich auf Sch\u00e4den materieller oder ideeller Art beziehen, die\u00a0durch die Nutzung oder Nichtnutzung der dargebotenen Informationen bzw. durch die Nutzung\u00a0 fehlerhafter und unvollst\u00e4ndiger Informationen verursacht wurden sind grunds\u00e4tzlich\u00a0 ausgeschlossen, sofern seitens des Autors kein nachweislich vors\u00e4tzliches oder grob- fahrl\u00e4ssiges Verschulden vorliegt.<\/p>\n<p>Alle Angebote sind freibleibend und unverbindlich. Der Autor beh\u00e4lt es sich\u00a0 ausdr\u00fccklich vor, Teile der Seiten oder das gesamte Angebot ohne gesonderte Ank\u00fcndigung\u00a0 zu ver\u00e4ndern, zu erg\u00e4nzen, zu l\u00f6schen oder die Ver\u00f6ffentlichung zeitweise oder\u00a0 endg\u00fcltig einzustellen.<\/p>\n<h5>2. Verweise, Links<\/h5>\n<p>Bei direkten oder indirekten Verweisen auf fremde Internetseiten (\u201eLinks\u201c),\u00a0 die au\u00dferhalb des Verantwortungsbereiches des Autors liegen, w\u00fcrde eine\u00a0 Haftungsverpflichtung ausschlie\u00dflich in dem Fall in Kraft treten, in dem der Autor von\u00a0 den Inhalten Kenntnis hat und es ihm technisch m\u00f6glich und zumutbar w\u00e4re, die Nutzung im<br \/>\nFalle rechtswidriger Inhalte zu verhindern.<\/p>\n<p>Der Autor erkl\u00e4rt daher ausdr\u00fccklich, dass zum Zeitpunkt der Linksetzung die\u00a0 entsprechenden verlinkten Seiten frei von illegalen Inhalten waren. Der Autor hat\u00a0 keinerlei Einfluss auf die aktuelle und zuk\u00fcnftige Gestaltung und auf die Inhalte der\u00a0gelinkten\/verkn\u00fcpften Seiten. Deshalb distanziert er sich hiermit ausdr\u00fccklich von allen\u00a0 Inhalten aller gelinkten \/verkn\u00fcpften Seiten, die nach der Linksetzung ver\u00e4ndert wurden.\u00a0 Diese Feststellung gilt f\u00fcr alle innerhalb des eigenen Internetangebotes gesetzten Links\u00a0 und Verweise sowie f\u00fcr Fremdeintr\u00e4ge in vom Autor eingerichteten G\u00e4steb\u00fcchern,\u00a0 Diskussionsforen und Mailinglisten. F\u00fcr illegale, fehlerhafte oder unvollst\u00e4ndige<br \/>\nInhalte und insbesondere f\u00fcr Sch\u00e4den, die aus der Nutzung oder Nichtnutzung solcherart\u00a0 dargebotener Informationen entstehen, haftet allein der Anbieter der Seite, auf welche\u00a0 verwiesen wurde, nicht derjenige, der \u00fcber Links auf die jeweilige Ver\u00f6ffentlichung<br \/>\nlediglich verweist.<\/p>\n<h5>3. Urheberrecht<\/h5>\n<p>Der Autor ist bestrebt, in allen Publikationen die Urheberrechte der verwendeten\u00a0 Grafiken, Tondokumente, Videosequenzen und Texte zu beachten, von ihm selbst erstellte\u00a0 Grafiken, Tondokumente, Videosequenzen und Texte zu nutzen oder auf lizenzfreie Grafiken,<br \/>\nTondokumente, Videosequenzen und Texte zur\u00fcckzugreifen.<\/p>\n<p>Alle innerhalb des Internetangebotes genannten und ggf. durch Dritte gesch\u00fctzten\u00a0 Marken- und Warenzeichen unterliegen uneingeschr\u00e4nkt den Bestimmungen des jeweils\u00a0 g\u00fcltigen Kennzeichenrechts und den Besitzrechten der jeweiligen eingetragenen\u00a0 Eigent\u00fcmer. Allein aufgrund der blo\u00dfen Nennung ist nicht der Schlu\u00df zu ziehen, dass\u00a0 Markenzeichen nicht durch Rechte Dritter gesch\u00fctzt sind!<\/p>\n<p>Das Copyright f\u00fcr ver\u00f6ffentlichte, vom Autor selbst erstellte Objekte bleibt allein\u00a0 beim Autor der Seiten. Eine Vervielf\u00e4ltigung oder Verwendung solcher Grafiken,\u00a0 Tondokumente, Videosequenzen und Texte in anderen elektronischen oder gedruckten\u00a0 Publikationen ist ohne ausdr\u00fcckliche Zustimmung des Autors nicht gestattet.<\/p>\n<h5>4. Datenschutz<\/h5>\n<p>Sofern innerhalb des Internetangebotes die M\u00f6glichkeit zur Eingabe pers\u00f6nlicher Daten\u00a0 (Emailadressen, Namen, Anschriften) besteht, so erfolgt die Preisgabe dieser Daten seitens\u00a0 des Nutzers auf ausdr\u00fccklich freiwilliger Basis. Die Inanspruchnahme aller\u00a0angebotenen\u00a0 Dienste ist \u2013 soweit technisch m\u00f6glich und zumutbar \u2013 auch ohne Angabe solcher Daten bzw.\u00a0 unter Angabe anonymisierter Daten oder eines Pseudonyms gestattet. Personenbezogene\u00a0 Nutzerprofile k\u00f6nnen mit diesen Daten nicht ohne weiteres gebildet werden. Eine\u00a0 Weitergabe an Dritte findet nicht statt.<\/p>\n<p>Diese Website benutzt u.U. Google Analytics, einen Webanalysedienst der Google Inc. (\u201eGoogle\u201c). Google Analytics verwendet sog. \u201eCookies\u201c, Textdateien, die auf Ihrem Computer gespeichert werden und die eine Analyse der Benutzung der Website durch Sie erm\u00f6glichen. Die durch das Cookie erzeugten Informationen \u00fcber Ihre Benutzung dieser Website werden in der Regel an einen Server von Google in den USA \u00fcbertragen und dort gespeichert. Im Falle der Aktivierung der IP-Anonymisierung auf dieser Website, wird Ihre IP-Adresse von Google jedoch innerhalb von Mitgliedstaaten der Europ\u00e4ischen Union oder in anderen Vertragsstaaten des Abkommens \u00fcber den Europ\u00e4ischen Wirtschaftsraum zuvor gek\u00fcrzt. Nur in Ausnahmef\u00e4llen wird die volle IP-Adresse an einen Server von Google in den USA \u00fcbertragen und dort gek\u00fcrzt. Im Auftrag des Betreibers dieser Website wird Google diese Informationen benutzen, um Ihre Nutzung der Website auszuwerten, um Reports \u00fcber die Websiteaktivit\u00e4ten zusammenzustellen und um weitere mit der Websitenutzung und der Internetnutzung verbundene Dienstleistungen gegen\u00fcber dem Websitebetreiber zu erbringen. Die im Rahmen von Google Analytics von Ihrem Browser \u00fcbermittelte IP-Adresse wird nicht mit anderen Daten von Google zusammengef\u00fchrt. Sie k\u00f6nnen die Speicherung der Cookies durch eine entsprechende Einstellung Ihrer Browser-Software verhindern; wir weisen Sie jedoch darauf hin, dass Sie in diesem Fall gegebenenfalls nicht s\u00e4mtliche Funktionen dieser Website vollumf\u00e4nglich werden nutzen k\u00f6nnen. Sie k\u00f6nnen dar\u00fcber hinaus die Erfassung der durch das Cookie erzeugten und auf Ihre Nutzung der Website bezogenen Daten (inkl. Ihrer IP-Adresse) an Google sowie die Verarbeitung dieser Daten durch Google verhindern, indem Sie das unter dem folgenden Link (<span style=\"color: #0000ff;\"><a style=\"color: #0000ff;\" href=\"http:\/\/tools.google.com\/dlpage\/gaoptout?hl=de\" target=\"_blank\" rel=\"noopener\"><u>http:\/\/tools.google.com\/dlpage\/gaoptout?hl=de<\/u><\/a><\/span>) verf\u00fcgbare Browser-Plugin herunterladen und installieren.<\/p>\n<p>Sie k\u00f6nnen die Erfassung durch Google Analytics verhindern, indem Sie auf folgenden Link klicken. Es wird ein Opt-Out-Cookie gesetzt, das die zuk\u00fcnftige Erfassung Ihrer Daten beim Besuch dieser Website verhindert:<\/p>\n<p><em><strong>[ga_optout]<\/strong><\/em><\/p>\n<p>N\u00e4here Informationen zu Nutzungsbedingungen und Datenschutz finden Sie unter <span style=\"color: #0000ff;\"><a style=\"color: #0000ff;\" href=\"http:\/\/www.google.com\/analytics\/terms\/de.html\" target=\"_blank\" rel=\"noopener\"><u>http:\/\/www.google.com\/analytics\/terms\/de.html<\/u><\/a> <\/span>bzw. unter\u00a0<span style=\"color: #0000ff;\"><a style=\"color: #0000ff;\" href=\"https:\/\/www.google.de\/intl\/de\/policies\/\" target=\"_blank\" rel=\"noopener\"><u>https:\/\/www.google.de\/intl\/de\/policies\/<\/u><\/a><\/span>.<\/p>\n<h5>5. Rechtswirksamkeit dieses Haftungsausschlusses<\/h5>\n<p>Dieser Haftungsausschluss ist als Teil des Internetangebotes zu betrachten, von dem aus\u00a0 auf diese Seite verwiesen wurde. Sofern Teile oder einzelne Formulierungen dieses Textes\u00a0 der geltenden Rechtslage nicht, nicht mehr oder nicht vollst\u00e4ndig entsprechen sollten,\u00a0 bleiben die \u00fcbrigen Teile des Dokumentes in ihrem Inhalt und ihrer G\u00fcltigkeit davon\u00a0 unber\u00fchrt.<\/p>\n<p>\u00a9<span lang=\"de\"> Alexander Huth, 2016<\/span><\/p>\n<p>&nbsp;<\/p>\n<p><strong>Texte:<br \/>\n<\/strong><span lang=\"de\">Familie Huth, Freunde, bekannte\u00a0und unbekannte Autoren.<br \/>\n<\/span>Sollten Urheberrechte durch Ver\u00f6ffentlichen betroffen sein, setzen Sie sich\u00a0 bitte unbedingt mir in Verbindung<\/p>\n<p><strong>Fotos<br \/>\n<\/strong>Familie Huth. Freunde und Bekannte<strong><br \/>\n<\/strong><\/p>\n<p><strong>Gestaltung der Seiten:<br \/>\n<\/strong><span lang=\"de\">Alexander Huth, Bgm.-Popfinger-Str. 11, 82216 Maisach<br \/>\nTel.: 08135\/939570<br \/>\nemail: alexander.huth@web.de<br \/>\n<\/span><\/p>\n<p>&nbsp;<\/p>\n<p>&nbsp;<\/p>\n<p><span lang=\"de\">\u00a0<\/span><\/p>\n<p>&nbsp;<\/p>\n","protected":false},"excerpt":{"rendered":"<p>Haftungsausschluss 1. Inhalt des Onlineangebotes Der Autor \u00fcbernimmt keinerlei Gew\u00e4hr f\u00fcr die Aktualit\u00e4t, Korrektheit,\u00a0 Vollst\u00e4ndigkeit oder Qualit\u00e4t der bereitgestellten Informationen. Haftungsanspr\u00fcche\u00a0 gegen den Autor, welche sich auf Sch\u00e4den materieller oder ideeller Art beziehen, die\u00a0durch die Nutzung oder Nichtnutzung der dargebotenen Informationen bzw. durch die Nutzung\u00a0 fehlerhafter und unvollst\u00e4ndiger Informationen verursacht wurden sind grunds\u00e4tzlich\u00a0 ausgeschlossen, sofern &hellip; <a href=\"https:\/\/herzibub.de\/?page_id=83\" class=\"more-link\"><span class=\"screen-reader-text\">Impressum\/Datenschutz<\/span> weiterlesen <span class=\"meta-nav\">&rarr;<\/span><\/a><\/p>\n","protected":false},"author":1,"featured_media":0,"parent":0,"menu_order":0,"comment_status":"closed","ping_status":"closed","template":"page-templates\/full-width.php","meta":{"om_disable_all_campaigns":false,"_monsterinsights_skip_tracking":false,"_monsterinsights_sitenote_active":false,"_monsterinsights_sitenote_note":"","_monsterinsights_sitenote_category":0,"footnotes":""},"class_list":["post-83","page","type-page","status-publish","hentry"],"aioseo_notices":[],"_links":{"self":[{"href":"https:\/\/herzibub.de\/index.php?rest_route=\/wp\/v2\/pages\/83","targetHints":{"allow":["GET"]}}],"collection":[{"href":"https:\/\/herzibub.de\/index.php?rest_route=\/wp\/v2\/pages"}],"about":[{"href":"https:\/\/herzibub.de\/index.php?rest_route=\/wp\/v2\/types\/page"}],"author":[{"embeddable":true,"href":"https:\/\/herzibub.de\/index.php?rest_route=\/wp\/v2\/users\/1"}],"replies":[{"embeddable":true,"href":"https:\/\/herzibub.de\/index.php?rest_route=%2Fwp%2Fv2%2Fcomments&post=83"}],"version-history":[{"count":9,"href":"https:\/\/herzibub.de\/index.php?rest_route=\/wp\/v2\/pages\/83\/revisions"}],"predecessor-version":[{"id":2687,"href":"https:\/\/herzibub.de\/index.php?rest_route=\/wp\/v2\/pages\/83\/revisions\/2687"}],"wp:attachment":[{"href":"https:\/\/herzibub.de\/index.php?rest_route=%2Fwp%2Fv2%2Fmedia&parent=83"}],"curies":[{"name":"wp","href":"https:\/\/api.w.org\/{rel}","templated":true}]}}