{"id":5,"date":"2016-11-04T16:22:16","date_gmt":"2016-11-04T15:22:16","guid":{"rendered":"http:\/\/herzibub.de\/?page_id=5"},"modified":"2016-11-22T13:31:22","modified_gmt":"2016-11-22T12:31:22","slug":"nicolas-huth-gedenkseite","status":"publish","type":"page","link":"https:\/\/herzibub.de\/","title":{"rendered":"in Gedenken"},"content":{"rendered":"<h3 style=\"text-align: center;\"><span style=\"color: #008000;\"><strong>Diese Seiten widmen wir unserem <em>Herzibub.<\/em><\/strong><\/span><\/h3>\n<p>&nbsp;<\/p>\n<h3><strong>\u00a0\u00a0\u00a0\u00a0\u00a0\u00a0\u00a0\u00a0\u00a0\u00a0\u00a0\u00a0\u00a0\u00a0\u00a0\u00a0\u00a0\u00a0\u00a0\u00a0\u00a0\u00a0\u00a0\u00a0\u00a0\u00a0\u00a0\u00a0\u00a0\u00a0\u00a0\u00a0\u00a0\u00a0 <\/strong><strong>N i c o l a s\u00a0\u00a0 H u t h<\/strong><\/h3>\n<p style=\"text-align: center;\">\u00a0<img loading=\"lazy\" decoding=\"async\" class=\"alignnone wp-image-4\" src=\"https:\/\/herzibub.de\/wp-content\/uploads\/2016\/11\/Nicolas-Gedenkbild_IMG_5189-3.jpg\" alt=\"nicolas-gedenkbild_img_5189-3\" width=\"300\" height=\"400\" srcset=\"https:\/\/herzibub.de\/wp-content\/uploads\/2016\/11\/Nicolas-Gedenkbild_IMG_5189-3.jpg 596w, https:\/\/herzibub.de\/wp-content\/uploads\/2016\/11\/Nicolas-Gedenkbild_IMG_5189-3-225x300.jpg 225w\" sizes=\"auto, (max-width: 300px) 100vw, 300px\" \/><\/p>\n<p style=\"text-align: center;\">\u00a0\u00a0\u00a0<strong>* 27.12.1998\u00a0\u00a0\u00a0\u00a0\u00a0\u00a0\u00a0\u00a0\u00a0\u00a0 \u00a0 + 4.8.2016<\/strong><\/p>\n<p style=\"text-align: center;\">Wenn Liebe einen Weg zum Himmel f\u00e4nde<br \/>\nund Erinnerungen zu Stufen w\u00fcrden,<br \/>\ndann w\u00fcrden wir hinaufsteigen<br \/>\nund Dich zur\u00fcckholen.<\/p>\n<p style=\"text-align: center;\"><img loading=\"lazy\" decoding=\"async\" class=\"alignnone size-medium wp-image-32\" src=\"https:\/\/herzibub.de\/wp-content\/uploads\/2016\/11\/Fotosearch_k10326629-300x263.jpg\" alt=\"fotosearch_k10326629\" width=\"300\" height=\"263\" srcset=\"https:\/\/herzibub.de\/wp-content\/uploads\/2016\/11\/Fotosearch_k10326629-300x263.jpg 300w, https:\/\/herzibub.de\/wp-content\/uploads\/2016\/11\/Fotosearch_k10326629-768x672.jpg 768w, https:\/\/herzibub.de\/wp-content\/uploads\/2016\/11\/Fotosearch_k10326629-1024x896.jpg 1024w\" sizes=\"auto, (max-width: 300px) 100vw, 300px\" \/><\/p>\n<p style=\"text-align: center;\">Immer wenn wir von dir erz\u00e4hlen,<br \/>\nfallen Sonnenstrahlen in unsere Seelen,<br \/>\nunsere Herzen halten dich umfangen,<br \/>\nals w\u00e4rst du nie gegangen.<\/p>\n","protected":false},"excerpt":{"rendered":"<p>Diese Seiten widmen wir unserem Herzibub. &nbsp; \u00a0\u00a0\u00a0\u00a0\u00a0\u00a0\u00a0\u00a0\u00a0\u00a0\u00a0\u00a0\u00a0\u00a0\u00a0\u00a0\u00a0\u00a0\u00a0\u00a0\u00a0\u00a0\u00a0\u00a0\u00a0\u00a0\u00a0\u00a0\u00a0\u00a0\u00a0\u00a0\u00a0\u00a0 N i c o l a s\u00a0\u00a0 H u t h \u00a0 \u00a0\u00a0\u00a0* 27.12.1998\u00a0\u00a0\u00a0\u00a0\u00a0\u00a0\u00a0\u00a0\u00a0\u00a0 \u00a0 + 4.8.2016 Wenn Liebe einen Weg zum Himmel f\u00e4nde und Erinnerungen zu Stufen w\u00fcrden, dann w\u00fcrden wir hinaufsteigen und Dich zur\u00fcckholen. Immer wenn wir von dir erz\u00e4hlen, fallen Sonnenstrahlen in unsere Seelen, &hellip; <a href=\"https:\/\/herzibub.de\/\" class=\"more-link\"><span class=\"screen-reader-text\">in Gedenken<\/span> weiterlesen <span class=\"meta-nav\">&rarr;<\/span><\/a><\/p>\n","protected":false},"author":1,"featured_media":0,"parent":0,"menu_order":0,"comment_status":"closed","ping_status":"closed","template":"page-templates\/full-width.php","meta":{"om_disable_all_campaigns":false,"_monsterinsights_skip_tracking":false,"_monsterinsights_sitenote_active":false,"_monsterinsights_sitenote_note":"","_monsterinsights_sitenote_category":0,"footnotes":""},"class_list":["post-5","page","type-page","status-publish","hentry"],"aioseo_notices":[],"_links":{"self":[{"href":"https:\/\/herzibub.de\/index.php?rest_route=\/wp\/v2\/pages\/5","targetHints":{"allow":["GET"]}}],"collection":[{"href":"https:\/\/herzibub.de\/index.php?rest_route=\/wp\/v2\/pages"}],"about":[{"href":"https:\/\/herzibub.de\/index.php?rest_route=\/wp\/v2\/types\/page"}],"author":[{"embeddable":true,"href":"https:\/\/herzibub.de\/index.php?rest_route=\/wp\/v2\/users\/1"}],"replies":[{"embeddable":true,"href":"https:\/\/herzibub.de\/index.php?rest_route=%2Fwp%2Fv2%2Fcomments&post=5"}],"version-history":[{"count":20,"href":"https:\/\/herzibub.de\/index.php?rest_route=\/wp\/v2\/pages\/5\/revisions"}],"predecessor-version":[{"id":519,"href":"https:\/\/herzibub.de\/index.php?rest_route=\/wp\/v2\/pages\/5\/revisions\/519"}],"wp:attachment":[{"href":"https:\/\/herzibub.de\/index.php?rest_route=%2Fwp%2Fv2%2Fmedia&parent=5"}],"curies":[{"name":"wp","href":"https:\/\/api.w.org\/{rel}","templated":true}]}}