{"id":267,"date":"2016-11-08T15:53:16","date_gmt":"2016-11-08T14:53:16","guid":{"rendered":"http:\/\/herzibub.de\/?page_id=267"},"modified":"2016-11-10T19:10:23","modified_gmt":"2016-11-10T18:10:23","slug":"test","status":"publish","type":"page","link":"https:\/\/herzibub.de\/?page_id=267","title":{"rendered":"Kerze anz\u00fcnden"},"content":{"rendered":"<div class=\"candle-category\">\t\t\t<div class=\"single-candle candle-3167\">\n <div class=\"candlediv\" style=\"background-color:#F2F2F2; border:1px solid #CCCCCC;padding:25px;min-height:160px\">\n\t\t\t\t<blockquote class=\"candle\">\n                \n                    <img decoding=\"async\" src=\"https:\/\/herzibub.de\/wp-content\/plugins\/in-memoriam-light-a-candle\/candle12.gif\" style=\"float:left;padding:8px;min-height:150px; min-width:150px;max-height:150px; max-width:150px;\" >                     \t\t\t\t\t\t\t\t\t\t\t<p align=\"right\"><strong>Ulla Baier-Schr\u00f6der<\/strong><br><\/b><span style=\"font-size: 12px\">07.01.2026<\/span><\/p>\n\t\t\t\t<\/blockquote>\n<\/div>\n\t\t\t\t<br clear=\"all\" \/>\n\n\t\t\t<\/div>\n\n\t\t\t\t\t\t<div class=\"single-candle candle-3166\">\n <div class=\"candlediv\" style=\"background-color:#F2F2F2; border:1px solid #CCCCCC;padding:25px;min-height:160px\">\n\t\t\t\t<blockquote class=\"candle\">\n                \n                    <img decoding=\"async\" src=\"https:\/\/herzibub.de\/wp-content\/plugins\/in-memoriam-light-a-candle\/candle10.gif\" style=\"float:left;padding:8px;min-height:150px; min-width:150px;max-height:150px; max-width:150px;\" >                     \t\t\t\t\t\t\t\t\t\tIm Himmel habe ich einen ganz besonderen Menschen, f\u00fcr den ich alles machen w\u00fcrde, um ihn noch einmal umarmen zu k\u00f6nnen.\r\nHerzlichen Gl\u00fcckwunsch zum Geburtstag, mein Herzibub.\t<p align=\"right\"><strong>Dein Papa<\/strong><br><\/b><span style=\"font-size: 12px\">27.12.2025<\/span><\/p>\n\t\t\t\t<\/blockquote>\n<\/div>\n\t\t\t\t<br clear=\"all\" \/>\n\n\t\t\t<\/div>\n\n\t\t\t\t\t\t<div class=\"single-candle candle-3164\">\n <div class=\"candlediv\" style=\"background-color:#F2F2F2; border:1px solid #CCCCCC;padding:25px;min-height:160px\">\n\t\t\t\t<blockquote class=\"candle\">\n                \n                    <img decoding=\"async\" src=\"https:\/\/herzibub.de\/wp-content\/plugins\/in-memoriam-light-a-candle\/candle12.gif\" style=\"float:left;padding:8px;min-height:150px; min-width:150px;max-height:150px; max-width:150px;\" >                     \t\t\t\t\t\t\t\t\t\t\t<p align=\"right\"><strong>Anna<\/strong><br><\/b><span style=\"font-size: 12px\">27.12.2025<\/span><\/p>\n\t\t\t\t<\/blockquote>\n<\/div>\n\t\t\t\t<br clear=\"all\" \/>\n\n\t\t\t<\/div>\n\n\t\t\t\t\t\t<div class=\"single-candle candle-3163\">\n <div class=\"candlediv\" style=\"background-color:#F2F2F2; border:1px solid #CCCCCC;padding:25px;min-height:160px\">\n\t\t\t\t<blockquote class=\"candle\">\n                \n                    <img decoding=\"async\" src=\"https:\/\/herzibub.de\/wp-content\/plugins\/in-memoriam-light-a-candle\/candle11.gif\" style=\"float:left;padding:8px;min-height:150px; min-width:150px;max-height:150px; max-width:150px;\" >                     \t\t\t\t\t\t\t\t\t\t\t<p align=\"right\"><strong>Ulla Baier-Schr\u00f6der<\/strong><br><\/b><span style=\"font-size: 12px\">05.08.2025<\/span><\/p>\n\t\t\t\t<\/blockquote>\n<\/div>\n\t\t\t\t<br clear=\"all\" \/>\n\n\t\t\t<\/div>\n\n\t\t\t\t\t\t<div class=\"single-candle candle-3162\">\n <div class=\"candlediv\" style=\"background-color:#F2F2F2; border:1px solid #CCCCCC;padding:25px;min-height:160px\">\n\t\t\t\t<blockquote class=\"candle\">\n                \n                    <img decoding=\"async\" src=\"https:\/\/herzibub.de\/wp-content\/plugins\/in-memoriam-light-a-candle\/candle7.gif\" style=\"float:left;padding:8px;min-height:150px; min-width:150px;max-height:150px; max-width:150px;\" >                     \t\t\t\t\t\t\t\t\t\t\t<p align=\"right\"><strong>Peter und Manuela<\/strong><br><\/b><span style=\"font-size: 12px\">04.08.2025<\/span><\/p>\n\t\t\t\t<\/blockquote>\n<\/div>\n\t\t\t\t<br clear=\"all\" \/>\n\n\t\t\t<\/div>\n\n\t\t\t<span aria-current=\"page\" class=\"page-numbers current\">1<\/span>\n<a class=\"page-numbers\" href=\"https:\/\/herzibub.de\/index.php?rest_route=%2Fwp%2Fv2%2Fpages%2F267&#038;paged=2\">2<\/a>\n<a class=\"page-numbers\" href=\"https:\/\/herzibub.de\/index.php?rest_route=%2Fwp%2Fv2%2Fpages%2F267&#038;paged=3\">3<\/a>\n<span class=\"page-numbers dots\">&hellip;<\/span>\n<a class=\"page-numbers\" href=\"https:\/\/herzibub.de\/index.php?rest_route=%2Fwp%2Fv2%2Fpages%2F267&#038;paged=41\">41<\/a>\n<a class=\"next page-numbers\" href=\"https:\/\/herzibub.de\/index.php?rest_route=%2Fwp%2Fv2%2Fpages%2F267&#038;paged=2\">Weiter &raquo;<\/a><\/div>\n","protected":false},"excerpt":{"rendered":"","protected":false},"author":1,"featured_media":0,"parent":0,"menu_order":0,"comment_status":"closed","ping_status":"closed","template":"","meta":{"om_disable_all_campaigns":false,"_monsterinsights_skip_tracking":false,"_monsterinsights_sitenote_active":false,"_monsterinsights_sitenote_note":"","_monsterinsights_sitenote_category":0,"footnotes":""},"class_list":["post-267","page","type-page","status-publish","hentry"],"aioseo_notices":[],"_links":{"self":[{"href":"https:\/\/herzibub.de\/index.php?rest_route=\/wp\/v2\/pages\/267","targetHints":{"allow":["GET"]}}],"collection":[{"href":"https:\/\/herzibub.de\/index.php?rest_route=\/wp\/v2\/pages"}],"about":[{"href":"https:\/\/herzibub.de\/index.php?rest_route=\/wp\/v2\/types\/page"}],"author":[{"embeddable":true,"href":"https:\/\/herzibub.de\/index.php?rest_route=\/wp\/v2\/users\/1"}],"replies":[{"embeddable":true,"href":"https:\/\/herzibub.de\/index.php?rest_route=%2Fwp%2Fv2%2Fcomments&post=267"}],"version-history":[{"count":13,"href":"https:\/\/herzibub.de\/index.php?rest_route=\/wp\/v2\/pages\/267\/revisions"}],"predecessor-version":[{"id":391,"href":"https:\/\/herzibub.de\/index.php?rest_route=\/wp\/v2\/pages\/267\/revisions\/391"}],"wp:attachment":[{"href":"https:\/\/herzibub.de\/index.php?rest_route=%2Fwp%2Fv2%2Fmedia&parent=267"}],"curies":[{"name":"wp","href":"https:\/\/api.w.org\/{rel}","templated":true}]}}