{"id":251,"date":"2016-11-07T21:42:04","date_gmt":"2016-11-07T20:42:04","guid":{"rendered":"http:\/\/herzibub.de\/?page_id=251"},"modified":"2016-12-11T12:07:44","modified_gmt":"2016-12-11T11:07:44","slug":"in-eigener-sache","status":"publish","type":"page","link":"https:\/\/herzibub.de\/?page_id=251","title":{"rendered":"wider das Vergessen"},"content":{"rendered":"<h1 style=\"text-align: center;\"><\/h1>\n<p class=\"western\" style=\"text-align: justify;\"><span style=\"font-family: Arial,sans-serif;\">Der Tod von Nicolas ist f\u00fcr uns immer noch schwer zu begreifen. Siebzehn Jahre hat er uns Freude bereitet, einfach deshalb, weil es ihn gab. Nicolas hat unser Leben bereichert. All seine pers\u00f6nlichen Dinge sind noch da, aber er selbst ist nicht mehr da und wird auch nie wieder da sein. Diese Realit\u00e4t anzunehmen ist bei Leibe nicht einfach. Die Erinnerungen an ihn sind allgegenw\u00e4rtig. Nichts und niemand kann die entstandene L\u00fccke ausf\u00fcllen. Es vergeht kein Tag, an dem wir nicht an ihn denken. <\/span><\/p>\n<p class=\"western\" style=\"text-align: justify;\"><span style=\"font-family: Arial,sans-serif;\">Kaum jemand, der nicht in \u00e4hnlicher Weise betroffen ist, kann sich vorstellen, wie wir uns f\u00fchlen, wie sehr sein Tod unsere Welt ver\u00e4ndert hat. Nichts ist mehr so, wie es einmal war. Wir leiden und trauern. Es hei\u00dft, Leid sei ein Ort, den niemand wirklich kennt, solange er nicht dort war. Man sagt, die Trauer sei eine sch<\/span><span style=\"font-family: Arial,sans-serif;\"><img loading=\"lazy\" decoding=\"async\" class=\"wp-image-524 size-full alignleft\" src=\"https:\/\/herzibub.de\/wp-content\/uploads\/2016\/11\/rose-1273723.jpg\" alt=\"rose-1273723\" width=\"474\" height=\"298\" srcset=\"https:\/\/herzibub.de\/wp-content\/uploads\/2016\/11\/rose-1273723.jpg 474w, https:\/\/herzibub.de\/wp-content\/uploads\/2016\/11\/rose-1273723-300x189.jpg 300w\" sizes=\"auto, (max-width: 474px) 100vw, 474px\" \/><\/span><span style=\"font-family: Arial,sans-serif;\">merzliche Erfahrung, <\/span><span style=\"font-family: Arial,sans-serif;\">die alles in Frage stellt und das Leben f\u00fcr ein sehr lange Zeit verdunkeln wird. <\/span><span style=\"font-family: Arial,sans-serif;\">D<\/span><span style=\"font-family: Arial,sans-serif;\">as Abschiednehmen ist ein langwieriger und schmerzvoller Proze\u00df.<\/span><\/p>\n<p class=\"western\" style=\"text-align: justify;\"><span style=\"font-family: Arial,sans-serif;\">Die zahlreichen Beileidsbekundungen nach Nicolas&#8216; Tod waren ein Zeichen des Respekts vor uns Hinterbliebenen. Die Anteilnahme half und tat gut, echten Trost gab sie in dieser Zeit nat\u00fcrlich keinen.<\/span><\/p>\n<p class=\"western\" style=\"text-align: justify;\"><span style=\"font-family: Arial,sans-serif;\">In der Trauerliteratur hei\u00dft es \u00fcbereinstimmend, es gibt kein Patentrezept f\u00fcr Trauernde. Jeder mu\u00df seinen eigenen Weg finden. Es geht auch nicht um Trauerbew\u00e4ltigung (man wird die Trauer nicht bew\u00e4ltigen), sondern darum, mit der Trauer leben zu lernen. W\u00e4hrend der Trauernde schlichtweg ums \u00dcberleben k\u00e4mpft (das Leben erscheint mehr eine Zumutung, als ein Geschenk), fehlt der anhaltende Zuspruch. Mit der Beisetzung scheint die Anteilnahme aufzuh\u00f6ren. Trauerbegleitung findet nicht statt. Ausnahmen gibt es leider zu wenige. Man f\u00fchlt sich alleingelassen. <\/span><\/p>\n<p class=\"western\" style=\"text-align: justify;\"><span style=\"font-family: Arial,sans-serif;\">So sehr w\u00fcrde man sich irgendeine mitf\u00fchlende Geste, eine kurze Nachricht, einen Anruf, einen Brief, eine Karte, eine stille U<\/span><span style=\"font-family: Arial,sans-serif;\">mar<\/span><span style=\"font-family: Arial,sans-serif;\">mung oder einen Besuch w\u00fcnschen. <\/span><\/p>\n<p class=\"western\" style=\"text-align: justify;\"><span style=\"font-family: Arial,sans-serif;\">Manche Freunde oder Bekannte stellten nach Nicolas T<\/span><span style=\"font-family: Arial,sans-serif;\">odesnachricht in Aussicht, sich zu melden. Auf viele dieser K<\/span><span style=\"font-family: Arial,sans-serif;\"><img loading=\"lazy\" decoding=\"async\" class=\"wp-image-523 size-full alignright\" src=\"https:\/\/herzibub.de\/wp-content\/uploads\/2016\/11\/pexels-photo-54300.jpg\" alt=\"pexels-photo-54300\" width=\"474\" height=\"316\" srcset=\"https:\/\/herzibub.de\/wp-content\/uploads\/2016\/11\/pexels-photo-54300.jpg 474w, https:\/\/herzibub.de\/wp-content\/uploads\/2016\/11\/pexels-photo-54300-300x200.jpg 300w\" sizes=\"auto, (max-width: 474px) 100vw, 474px\" \/><\/span><span style=\"font-family: Arial,sans-serif;\">ontaktaufnahmen warten wir noch immer. Manche Freunde hatten selbst beim pers\u00f6nlichen Aufeinandertreffen nicht einmal den Mut, ihr Beileid auszusprechen<\/span><\/p>\n<p class=\"western\" style=\"text-align: justify;\"><span style=\"font-family: Arial,sans-serif;\">Es hei\u00dft, wer <\/span><span style=\"font-family: Arial,sans-serif;\">um eine geliebte Person trauert, hofft auf Worte und Gesten, die von Herzen kommen. Trauernde brauchen Menschen, die an ihrem Schicksal teilnehmen, die immer wieder ein Zeichen Ihrer N\u00e4he geben und sie in dieser schweren Zeit nicht alleine la<\/span><span style=\"font-family: Arial,sans-serif;\">ssen. Trauernde brauchen eine ausgestreckte Hand, eine offene T\u00fcre. Trauernden hilft es, wenn sie Menschen finden, die Ihnen nicht aus dem Weg gehen, sondern sie ein St\u00fcck auf Ihrem Weg begleiten.<\/span><\/p>\n<p class=\"western\" style=\"text-align: justify;\"><span style=\"font-family: Arial,sans-serif;\">Es hei\u00dft aber auch, es ist schwer mit Trauernden zu sprechen. Selbst jene, die Anteil nehmen und irgendwie helfen m\u00f6chten, wissen oft nicht, was sie Trauernden sagen sollen (dabei m\u00fcssen sie gar nicht unbedingt etwas sagen. Trauernden hilft es oft schon, wenn sie sp\u00fcren, da\u00df sich Freunde, Verwandte, Kollegen und Bekannte Zeit f\u00fcr sie nehmen). <\/span><\/p>\n<p class=\"western\" style=\"text-align: justify;\"><span style=\"font-family: Arial,sans-serif;\">Trauernden \u00fcberhaupt gegen\u00fcber zu treten f\u00e4llt auch schwer. Gerade denjenigen, die noch keine Erfahrung mit dem Tod und der Trauer gemacht haben. Sie versuchen meist, dem Thema aus dem Weg zu gehen. Freunde, Bekannte und Kollegen f\u00fchlen sich<img loading=\"lazy\" decoding=\"async\" class=\"alignleft wp-image-522 size-full\" src=\"https:\/\/herzibub.de\/wp-content\/uploads\/2016\/11\/nature-fashion-person-woman.jpg\" alt=\"nature-fashion-person-woman\" width=\"474\" height=\"316\" srcset=\"https:\/\/herzibub.de\/wp-content\/uploads\/2016\/11\/nature-fashion-person-woman.jpg 474w, https:\/\/herzibub.de\/wp-content\/uploads\/2016\/11\/nature-fashion-person-woman-300x200.jpg 300w\" sizes=\"auto, (max-width: 474px) 100vw, 474px\" \/> unbehaglich, verunsichert, wissen nicht, wie sie sich Trauernden gegen\u00fcber verhalten sollen. Aus Angst, etwas falsch zu machen, tun oder sagen sie oft einfach gar nichts. Man will die Trauernden nicht belasten und in Ruhe lassen. Gerade aber in dieser schwierigen Zeit brauchen Trauernde Kontakt, das Gespr\u00e4ch, den Besuch, den Austausch mit Freunden und Bekannten. Dieses Totschweigen ist f\u00fcr den Betroffenen furchtbar.<\/span><\/p>\n<p class=\"western\" style=\"text-align: justify;\"><span style=\"font-family: Arial,sans-serif;\">Seinen Freunden, Bekannten oder Kollegen darf an dieser Stelle aber kein Vorwurf gemacht werden. Wer trauert, nimmt oft nur den eigenen Schmerz wahr und kann sich kaum vorstellen, da\u00df andere nach dem Tod einer Ihnen nahestehenden Person ebenso leidet. Die Trauer ist einfach zu gro\u00df und verstellt den Blick auf das Leid, das auch andere tragen. Bestimmt trauert die Mehrheit auch mit uns und denkt an uns, aber eben f\u00fcr sich selbst und ohne, da\u00df wir Trauernde es mitbekommen. <\/span><\/p>\n<p class=\"western\" style=\"text-align: justify;\"><span style=\"font-family: Arial,sans-serif;\">Der Umstand des Zur\u00fcckziehens oder Zur\u00fcckhaltens von Freunden und Bekannten n\u00e4hrt mehr und mehr die Annahme, \u00fcber den Tod des geliebten Kindes wird geschwiegen, es wird nic<\/span><span style=\"font-family: Arial,sans-serif;\">ht dar\u00fcber geredet, er ist schon Vergangenheit. Das f\u00fchrt dann unweigerlich zu der (nat\u00fcrlich falschen) Erkenntnis, der liebe Sohn wird \u00fcber kurz oder lang vergessen. Uns Eltern l\u00e4\u00dft dieses Gef\u00fchl noc<\/span><span style=\"font-family: Arial,sans-serif;\">h mehr leiden und verzweifeln \u2013 der geliebte Sohn stirbt damit irgendwie ein weiteres Mal.<\/span><\/p>\n<p class=\"western\" style=\"text-align: justify;\"><span style=\"font-family: Arial,sans-serif;\">Wider das Vergessen: um Angeh\u00f6rigen, Bekannten, Freunden und<\/span><span style=\"font-family: Arial,sans-serif;\"> Kollegen eine M\u00f6glichkeit einzur\u00e4umen, mit uns gemeinsam an Nicolas zu erinnern und ihn somit &#8218;lebendig&#8216; bleiben zu lassen, bieten wir diese Gedenkseiten als Plattform an. Jeder kann, wenn er denn <\/span><span style=\"font-family: Arial,sans-serif;\"><img loading=\"lazy\" decoding=\"async\" class=\"alignright wp-image-521 size-full\" src=\"https:\/\/herzibub.de\/wp-content\/uploads\/2016\/11\/sun-heart-autumn-leaf-39379.jpg\" alt=\"sun-heart-autumn-leaf-39379\" width=\"474\" height=\"316\" srcset=\"https:\/\/herzibub.de\/wp-content\/uploads\/2016\/11\/sun-heart-autumn-leaf-39379.jpg 474w, https:\/\/herzibub.de\/wp-content\/uploads\/2016\/11\/sun-heart-autumn-leaf-39379-300x200.jpg 300w\" sizes=\"auto, (max-width: 474px) 100vw, 474px\" \/><\/span><span style=\"font-family: Arial,sans-serif;\">m\u00f6chte, eine Erinnerung preisgeben, wom\u00f6glich ein Bild dazu einstellen, gute Gedanken mitteilen, einen netten Spruch formulieren, eine lustige Geschichte oder Dinge erz\u00e4hlen, die man im Zusammenhang mit Nicolas bisher f\u00fcr sich behalten hat, kommentieren, einen Eintrag im G\u00e4stebuch vornehmen oder einfach nur eine Kerze f\u00fcr Nicolas anz\u00fcnden.<\/span><\/p>\n<p class=\"western\" style=\"text-align: justify;\"><span style=\"font-family: Arial,sans-serif;\">Dar\u00fcber w\u00fcrden wir uns sehr freuen. Und ihr w\u00fcrdet uns auf unserem schwierigen Weg ein gro\u00dfes St\u00fcck begleiten.<\/span><\/p>\n<p class=\"western\"><span style=\"font-family: Arial,sans-serif;\">\u00dcberacker, im November 2016<\/span><\/p>\n<p>Axel, Sabine und Mariella<\/p>\n","protected":false},"excerpt":{"rendered":"<p>Der Tod von Nicolas ist f\u00fcr uns immer noch schwer zu begreifen. Siebzehn Jahre hat er uns Freude bereitet, einfach deshalb, weil es ihn gab. Nicolas hat unser Leben bereichert. All seine pers\u00f6nlichen Dinge sind noch da, aber er selbst ist nicht mehr da und wird auch nie wieder da sein. Diese Realit\u00e4t anzunehmen ist &hellip; <a href=\"https:\/\/herzibub.de\/?page_id=251\" class=\"more-link\"><span class=\"screen-reader-text\">wider das Vergessen<\/span> weiterlesen <span class=\"meta-nav\">&rarr;<\/span><\/a><\/p>\n","protected":false},"author":1,"featured_media":490,"parent":0,"menu_order":0,"comment_status":"closed","ping_status":"closed","template":"page-templates\/full-width.php","meta":{"om_disable_all_campaigns":false,"_monsterinsights_skip_tracking":false,"_monsterinsights_sitenote_active":false,"_monsterinsights_sitenote_note":"","_monsterinsights_sitenote_category":0,"footnotes":""},"class_list":["post-251","page","type-page","status-publish","has-post-thumbnail","hentry"],"aioseo_notices":[],"_links":{"self":[{"href":"https:\/\/herzibub.de\/index.php?rest_route=\/wp\/v2\/pages\/251","targetHints":{"allow":["GET"]}}],"collection":[{"href":"https:\/\/herzibub.de\/index.php?rest_route=\/wp\/v2\/pages"}],"about":[{"href":"https:\/\/herzibub.de\/index.php?rest_route=\/wp\/v2\/types\/page"}],"author":[{"embeddable":true,"href":"https:\/\/herzibub.de\/index.php?rest_route=\/wp\/v2\/users\/1"}],"replies":[{"embeddable":true,"href":"https:\/\/herzibub.de\/index.php?rest_route=%2Fwp%2Fv2%2Fcomments&post=251"}],"version-history":[{"count":20,"href":"https:\/\/herzibub.de\/index.php?rest_route=\/wp\/v2\/pages\/251\/revisions"}],"predecessor-version":[{"id":3039,"href":"https:\/\/herzibub.de\/index.php?rest_route=\/wp\/v2\/pages\/251\/revisions\/3039"}],"wp:featuredmedia":[{"embeddable":true,"href":"https:\/\/herzibub.de\/index.php?rest_route=\/wp\/v2\/media\/490"}],"wp:attachment":[{"href":"https:\/\/herzibub.de\/index.php?rest_route=%2Fwp%2Fv2%2Fmedia&parent=251"}],"curies":[{"name":"wp","href":"https:\/\/api.w.org\/{rel}","templated":true}]}}